{"id":210,"date":"2017-06-07T16:45:21","date_gmt":"2017-06-07T16:45:21","guid":{"rendered":"http:\/\/import.themovation.com\/embark\/river-rafting\/?page_id=423"},"modified":"2022-02-19T17:02:08","modified_gmt":"2022-02-19T17:02:08","slug":"actualites-phebe","status":"publish","type":"page","link":"https:\/\/phebe-consulting.com\/en\/actualites-phebe\/","title":{"rendered":"Actualit\u00e9s PH\u00c9B\u00c9"},"content":{"rendered":"<div data-elementor-type=\"wp-post\" data-elementor-id=\"210\" class=\"elementor elementor-210\">\n\t\t\t\t\t\t<div class=\"elementor-inner\">\n\t\t\t\t<div class=\"elementor-section-wrap\">\n\t\t\t\t\t\t\t\t\t<section class=\"elementor-section elementor-top-section elementor-element elementor-element-axm2p4l elementor-section-height-min-height elementor-section-boxed elementor-section-height-default elementor-section-items-middle\" data-id=\"axm2p4l\" data-element_type=\"section\" data-settings=\"{&quot;background_background&quot;:&quot;video&quot;,&quot;background_video_link&quot;:&quot;https:\\\/\\\/phebe-consulting.com\\\/wp-content\\\/uploads\\\/2022\\\/02\\\/Global-PHEBE.mp4&quot;,&quot;background_play_on_mobile&quot;:&quot;yes&quot;}\">\n\t\t\t\t\t\t\t\t<div class=\"elementor-background-video-container\">\n\t\t\t\t\t\t\t\t\t\t\t\t\t<video class=\"elementor-background-video-hosted elementor-html5-video\" autoplay muted playsinline loop><\/video>\n\t\t\t\t\t\t\t\t\t\t\t<\/div>\n\t\t\t\t\t\t\t\t\t<div class=\"elementor-background-overlay\"><\/div>\n\t\t\t\t\t\t\t<div class=\"elementor-container elementor-column-gap-default\">\n\t\t\t\t\t\t\t<div class=\"elementor-row\">\n\t\t\t\t\t<div class=\"elementor-column elementor-col-100 elementor-top-column elementor-element elementor-element-eg989yn\" data-id=\"eg989yn\" data-element_type=\"column\">\n\t\t\t<div class=\"elementor-column-wrap elementor-element-populated\">\n\t\t\t\t\t\t\t<div class=\"elementor-widget-wrap\">\n\t\t\t\t\t\t<div class=\"elementor-element elementor-element-zr62owr elementor-widget elementor-widget-spacer\" data-id=\"zr62owr\" data-element_type=\"widget\" data-widget_type=\"spacer.default\">\n\t\t\t\t<div class=\"elementor-widget-container\">\n\t\t\t\t\t<div class=\"elementor-spacer\">\n\t\t\t<div class=\"elementor-spacer-inner\"><\/div>\n\t\t<\/div>\n\t\t\t\t<\/div>\n\t\t\t\t<\/div>\n\t\t\t\t<div class=\"elementor-element elementor-element-6e0rano elementor-view-default elementor-position-top elementor-widget elementor-widget-themo-header\" data-id=\"6e0rano\" data-element_type=\"widget\" data-widget_type=\"themo-header.default\">\n\t\t\t\t<div class=\"elementor-widget-container\">\n\t\t\t\t\t<div class=\"th-header-wrap\">\n        <div class=\"elementor-icon-box-wrapper\">\n                            <div class=\"elementor-icon-box-content\">\n                    <h1 class=\"elementor-icon-box-title\">\n                        News                    <\/h1>\n                                        <p class=\"elementor-icon-box-description\"><\/p>\n\n                                    <\/div>\n            <\/div>\n\n        <\/div>\n\n\t\t\t\t<\/div>\n\t\t\t\t<\/div>\n\t\t\t\t\t\t<\/div>\n\t\t\t\t\t<\/div>\n\t\t<\/div>\n\t\t\t\t\t\t\t\t<\/div>\n\t\t\t\t\t<\/div>\n\t\t<\/section>\n\t\t\t\t<section class=\"elementor-section elementor-top-section elementor-element elementor-element-vkt1dv8 elementor-section-boxed elementor-section-height-default elementor-section-height-default\" data-id=\"vkt1dv8\" data-element_type=\"section\">\n\t\t\t\t\t\t<div class=\"elementor-container elementor-column-gap-default\">\n\t\t\t\t\t\t\t<div class=\"elementor-row\">\n\t\t\t\t\t<div class=\"elementor-column elementor-col-100 elementor-top-column elementor-element elementor-element-xo5h9bj\" data-id=\"xo5h9bj\" data-element_type=\"column\">\n\t\t\t<div class=\"elementor-column-wrap elementor-element-populated\">\n\t\t\t\t\t\t\t<div class=\"elementor-widget-wrap\">\n\t\t\t\t\t\t<div class=\"elementor-element elementor-element-h6bnfn5 elementor-widget elementor-widget-spacer\" data-id=\"h6bnfn5\" data-element_type=\"widget\" data-widget_type=\"spacer.default\">\n\t\t\t\t<div class=\"elementor-widget-container\">\n\t\t\t\t\t<div class=\"elementor-spacer\">\n\t\t\t<div class=\"elementor-spacer-inner\"><\/div>\n\t\t<\/div>\n\t\t\t\t<\/div>\n\t\t\t\t<\/div>\n\t\t\t\t\t\t<\/div>\n\t\t\t\t\t<\/div>\n\t\t<\/div>\n\t\t\t\t\t\t\t\t<\/div>\n\t\t\t\t\t<\/div>\n\t\t<\/section>\n\t\t\t\t\t\t\t\t\t<\/div>\n\t\t\t<\/div>\n\t\t\t\t\t<\/div>","protected":false},"excerpt":{"rendered":"<p>News<\/p>","protected":false},"author":1,"featured_media":0,"parent":0,"menu_order":52,"comment_status":"closed","ping_status":"closed","template":"templates\/blog-masonry.php","meta":{"footnotes":""},"class_list":["post-210","page","type-page","status-publish","hentry"],"yoast_head":"<!-- This site is optimized with the Yoast SEO plugin v27.4 - https:\/\/yoast.com\/product\/yoast-seo-wordpress\/ -->\n<title>Actualit\u00e9s PH\u00c9B\u00c9 - PH\u00c9B\u00c9<\/title>\n<meta name=\"description\" content=\"D\u00e9couvrez toutes nos actualit\u00e9s et nos opportunit\u00e9s d&#039;affaires... investissez sur notre plateforme innovante via la Blockchain.\" \/>\n<meta name=\"robots\" content=\"index, follow, max-snippet:-1, max-image-preview:large, max-video-preview:-1\" \/>\n<link rel=\"canonical\" href=\"https:\/\/phebe-consulting.com\/en\/actualites-phebe\/\" \/>\n<meta property=\"og:locale\" content=\"en_GB\" \/>\n<meta property=\"og:type\" content=\"article\" \/>\n<meta property=\"og:title\" content=\"Actualit\u00e9s PH\u00c9B\u00c9\" \/>\n<meta property=\"og:description\" content=\"D\u00e9couvrez toutes nos actualit\u00e9s et nos opportunit\u00e9s d&#039;affaires... investissez sur notre plateforme innovante via la Blockchain.\" \/>\n<meta property=\"og:url\" content=\"https:\/\/phebe-consulting.com\/en\/actualites-phebe\/\" \/>\n<meta property=\"og:site_name\" content=\"PH\u00c9B\u00c9\" \/>\n<meta property=\"article:modified_time\" content=\"2022-02-19T17:02:08+00:00\" \/>\n<meta property=\"og:image\" content=\"https:\/\/phebe-consulting.com\/wp-content\/uploads\/2022\/02\/Capture-de\u0301cran-2022-02-02-a\u0300-15.39.06-1024x553.png\" \/>\n\t<meta property=\"og:image:width\" content=\"1024\" \/>\n\t<meta property=\"og:image:height\" content=\"553\" \/>\n\t<meta property=\"og:image:type\" content=\"image\/png\" \/>\n<meta name=\"twitter:card\" content=\"summary_large_image\" \/>\n<meta name=\"twitter:title\" content=\"Actualit\u00e9s PH\u00c9B\u00c9\" \/>\n<meta name=\"twitter:description\" content=\"D\u00e9couvrez toutes nos actualit\u00e9s et nos opportunit\u00e9s d&#039;affaires... investissez sur notre plateforme innovante via la Blockchain.\" \/>\n<meta name=\"twitter:image\" content=\"https:\/\/phebe-consulting.com\/wp-content\/uploads\/2022\/02\/Capture-de\u0301cran-2022-02-02-a\u0300-15.39.06.png\" \/>\n<meta name=\"twitter:label1\" content=\"Estimated reading time\" \/>\n\t<meta name=\"twitter:data1\" content=\"1 minute\" \/>\n<script type=\"application\/ld+json\" class=\"yoast-schema-graph\">{\"@context\":\"https:\\\/\\\/schema.org\",\"@graph\":[{\"@type\":\"WebPage\",\"@id\":\"https:\\\/\\\/phebe-consulting.com\\\/actualites-phebe\\\/\",\"url\":\"https:\\\/\\\/phebe-consulting.com\\\/actualites-phebe\\\/\",\"name\":\"Actualit\u00e9s PH\u00c9B\u00c9 - PH\u00c9B\u00c9\",\"isPartOf\":{\"@id\":\"https:\\\/\\\/phebe-consulting.com\\\/#website\"},\"datePublished\":\"2017-06-07T16:45:21+00:00\",\"dateModified\":\"2022-02-19T17:02:08+00:00\",\"description\":\"D\u00e9couvrez toutes nos actualit\u00e9s et nos opportunit\u00e9s d'affaires... investissez sur notre plateforme innovante via la Blockchain.\",\"breadcrumb\":{\"@id\":\"https:\\\/\\\/phebe-consulting.com\\\/actualites-phebe\\\/#breadcrumb\"},\"inLanguage\":\"en-GB\",\"potentialAction\":[{\"@type\":\"ReadAction\",\"target\":[\"https:\\\/\\\/phebe-consulting.com\\\/actualites-phebe\\\/\"]}]},{\"@type\":\"BreadcrumbList\",\"@id\":\"https:\\\/\\\/phebe-consulting.com\\\/actualites-phebe\\\/#breadcrumb\",\"itemListElement\":[{\"@type\":\"ListItem\",\"position\":1,\"name\":\"Accueil\",\"item\":\"https:\\\/\\\/phebe-consulting.com\\\/\"},{\"@type\":\"ListItem\",\"position\":2,\"name\":\"Actualit\u00e9s PH\u00c9B\u00c9\"}]},{\"@type\":\"WebSite\",\"@id\":\"https:\\\/\\\/phebe-consulting.com\\\/#website\",\"url\":\"https:\\\/\\\/phebe-consulting.com\\\/\",\"name\":\"PH\u00c9B\u00c9\",\"description\":\"Une banque d affaires disruptive au service de l \u00e9conomie r\u00e9elle\",\"publisher\":{\"@id\":\"https:\\\/\\\/phebe-consulting.com\\\/#organization\"},\"potentialAction\":[{\"@type\":\"SearchAction\",\"target\":{\"@type\":\"EntryPoint\",\"urlTemplate\":\"https:\\\/\\\/phebe-consulting.com\\\/?s={search_term_string}\"},\"query-input\":{\"@type\":\"PropertyValueSpecification\",\"valueRequired\":true,\"valueName\":\"search_term_string\"}}],\"inLanguage\":\"en-GB\"},{\"@type\":\"Organization\",\"@id\":\"https:\\\/\\\/phebe-consulting.com\\\/#organization\",\"name\":\"PH\u00c9B\u00c9 | Ethical Financial Consultancy\",\"url\":\"https:\\\/\\\/phebe-consulting.com\\\/\",\"logo\":{\"@type\":\"ImageObject\",\"inLanguage\":\"en-GB\",\"@id\":\"https:\\\/\\\/phebe-consulting.com\\\/#\\\/schema\\\/logo\\\/image\\\/\",\"url\":\"https:\\\/\\\/phebe-consulting.com\\\/wp-content\\\/uploads\\\/2021\\\/10\\\/cropped-PHE\u0301BE\u0301-Ethical-Financial-Consultancy-Logo-1.3.png\",\"contentUrl\":\"https:\\\/\\\/phebe-consulting.com\\\/wp-content\\\/uploads\\\/2021\\\/10\\\/cropped-PHE\u0301BE\u0301-Ethical-Financial-Consultancy-Logo-1.3.png\",\"width\":946,\"height\":355,\"caption\":\"PH\u00c9B\u00c9 | Ethical Financial Consultancy\"},\"image\":{\"@id\":\"https:\\\/\\\/phebe-consulting.com\\\/#\\\/schema\\\/logo\\\/image\\\/\"},\"sameAs\":[\"https:\\\/\\\/www.linkedin.com\\\/in\\\/marc-francon\\\/\"]}]}<\/script>\n<!-- \/ Yoast SEO plugin. -->","yoast_head_json":{"title":"Actualit\u00e9s PH\u00c9B\u00c9 - PH\u00c9B\u00c9","description":"D\u00e9couvrez toutes nos actualit\u00e9s et nos opportunit\u00e9s d'affaires... investissez sur notre plateforme innovante via la Blockchain.","robots":{"index":"index","follow":"follow","max-snippet":"max-snippet:-1","max-image-preview":"max-image-preview:large","max-video-preview":"max-video-preview:-1"},"canonical":"https:\/\/phebe-consulting.com\/en\/actualites-phebe\/","og_locale":"en_GB","og_type":"article","og_title":"Actualit\u00e9s PH\u00c9B\u00c9","og_description":"D\u00e9couvrez toutes nos actualit\u00e9s et nos opportunit\u00e9s d'affaires... investissez sur notre plateforme innovante via la Blockchain.","og_url":"https:\/\/phebe-consulting.com\/en\/actualites-phebe\/","og_site_name":"PH\u00c9B\u00c9","article_modified_time":"2022-02-19T17:02:08+00:00","og_image":[{"width":1024,"height":553,"url":"https:\/\/phebe-consulting.com\/wp-content\/uploads\/2022\/02\/Capture-de\u0301cran-2022-02-02-a\u0300-15.39.06-1024x553.png","type":"image\/png"}],"twitter_card":"summary_large_image","twitter_title":"Actualit\u00e9s PH\u00c9B\u00c9","twitter_description":"D\u00e9couvrez toutes nos actualit\u00e9s et nos opportunit\u00e9s d'affaires... investissez sur notre plateforme innovante via la Blockchain.","twitter_image":"https:\/\/phebe-consulting.com\/wp-content\/uploads\/2022\/02\/Capture-de\u0301cran-2022-02-02-a\u0300-15.39.06.png","twitter_misc":{"Estimated reading time":"1 minute"},"schema":{"@context":"https:\/\/schema.org","@graph":[{"@type":"WebPage","@id":"https:\/\/phebe-consulting.com\/actualites-phebe\/","url":"https:\/\/phebe-consulting.com\/actualites-phebe\/","name":"Actualit\u00e9s PH\u00c9B\u00c9 - PH\u00c9B\u00c9","isPartOf":{"@id":"https:\/\/phebe-consulting.com\/#website"},"datePublished":"2017-06-07T16:45:21+00:00","dateModified":"2022-02-19T17:02:08+00:00","description":"D\u00e9couvrez toutes nos actualit\u00e9s et nos opportunit\u00e9s d'affaires... investissez sur notre plateforme innovante via la Blockchain.","breadcrumb":{"@id":"https:\/\/phebe-consulting.com\/actualites-phebe\/#breadcrumb"},"inLanguage":"en-GB","potentialAction":[{"@type":"ReadAction","target":["https:\/\/phebe-consulting.com\/actualites-phebe\/"]}]},{"@type":"BreadcrumbList","@id":"https:\/\/phebe-consulting.com\/actualites-phebe\/#breadcrumb","itemListElement":[{"@type":"ListItem","position":1,"name":"Accueil","item":"https:\/\/phebe-consulting.com\/"},{"@type":"ListItem","position":2,"name":"Actualit\u00e9s PH\u00c9B\u00c9"}]},{"@type":"WebSite","@id":"https:\/\/phebe-consulting.com\/#website","url":"https:\/\/phebe-consulting.com\/","name":"PH\u00c9B\u00c9","description":"Une banque d affaires disruptive au service de l \u00e9conomie r\u00e9elle","publisher":{"@id":"https:\/\/phebe-consulting.com\/#organization"},"potentialAction":[{"@type":"SearchAction","target":{"@type":"EntryPoint","urlTemplate":"https:\/\/phebe-consulting.com\/?s={search_term_string}"},"query-input":{"@type":"PropertyValueSpecification","valueRequired":true,"valueName":"search_term_string"}}],"inLanguage":"en-GB"},{"@type":"Organization","@id":"https:\/\/phebe-consulting.com\/#organization","name":"PH\u00c9B\u00c9 | Ethical Financial Consultancy","url":"https:\/\/phebe-consulting.com\/","logo":{"@type":"ImageObject","inLanguage":"en-GB","@id":"https:\/\/phebe-consulting.com\/#\/schema\/logo\/image\/","url":"https:\/\/phebe-consulting.com\/wp-content\/uploads\/2021\/10\/cropped-PHE\u0301BE\u0301-Ethical-Financial-Consultancy-Logo-1.3.png","contentUrl":"https:\/\/phebe-consulting.com\/wp-content\/uploads\/2021\/10\/cropped-PHE\u0301BE\u0301-Ethical-Financial-Consultancy-Logo-1.3.png","width":946,"height":355,"caption":"PH\u00c9B\u00c9 | Ethical Financial Consultancy"},"image":{"@id":"https:\/\/phebe-consulting.com\/#\/schema\/logo\/image\/"},"sameAs":["https:\/\/www.linkedin.com\/in\/marc-francon\/"]}]}},"_links":{"self":[{"href":"https:\/\/phebe-consulting.com\/en\/wp-json\/wp\/v2\/pages\/210","targetHints":{"allow":["GET"]}}],"collection":[{"href":"https:\/\/phebe-consulting.com\/en\/wp-json\/wp\/v2\/pages"}],"about":[{"href":"https:\/\/phebe-consulting.com\/en\/wp-json\/wp\/v2\/types\/page"}],"author":[{"embeddable":true,"href":"https:\/\/phebe-consulting.com\/en\/wp-json\/wp\/v2\/users\/1"}],"replies":[{"embeddable":true,"href":"https:\/\/phebe-consulting.com\/en\/wp-json\/wp\/v2\/comments?post=210"}],"version-history":[{"count":16,"href":"https:\/\/phebe-consulting.com\/en\/wp-json\/wp\/v2\/pages\/210\/revisions"}],"predecessor-version":[{"id":3746,"href":"https:\/\/phebe-consulting.com\/en\/wp-json\/wp\/v2\/pages\/210\/revisions\/3746"}],"wp:attachment":[{"href":"https:\/\/phebe-consulting.com\/en\/wp-json\/wp\/v2\/media?parent=210"}],"curies":[{"name":"wp","href":"https:\/\/api.w.org\/{rel}","templated":true}]}}