{"id":2214,"date":"2021-12-15T12:46:41","date_gmt":"2021-12-15T12:46:41","guid":{"rendered":"http:\/\/s881272753.onlinehome.fr\/?page_id=2214"},"modified":"2023-11-06T10:20:56","modified_gmt":"2023-11-06T10:20:56","slug":"mentions-legales","status":"publish","type":"page","link":"https:\/\/phebe-consulting.com\/en\/mentions-legales\/","title":{"rendered":"Legal information"},"content":{"rendered":"<div data-elementor-type=\"wp-page\" data-elementor-id=\"2214\" class=\"elementor elementor-2214\">\n\t\t\t\t\t\t<div class=\"elementor-inner\">\n\t\t\t\t<div class=\"elementor-section-wrap\">\n\t\t\t\t\t\t\t\t\t<section class=\"elementor-section elementor-top-section elementor-element elementor-element-e332f8f elementor-section-height-min-height elementor-section-boxed elementor-section-height-default elementor-section-items-middle\" data-id=\"e332f8f\" data-element_type=\"section\" data-settings=\"{&quot;background_background&quot;:&quot;video&quot;,&quot;background_video_link&quot;:&quot;https:\\\/\\\/phebe-consulting.com\\\/wp-content\\\/uploads\\\/2021\\\/11\\\/Abstract-47719.mp4&quot;,&quot;background_play_on_mobile&quot;:&quot;yes&quot;,&quot;shape_divider_bottom&quot;:&quot;tilt&quot;}\">\n\t\t\t\t\t\t\t\t<div class=\"elementor-background-video-container\">\n\t\t\t\t\t\t\t\t\t\t\t\t\t<video class=\"elementor-background-video-hosted elementor-html5-video\" autoplay muted playsinline loop><\/video>\n\t\t\t\t\t\t\t\t\t\t\t<\/div>\n\t\t\t\t\t\t\t\t\t<div class=\"elementor-background-overlay\"><\/div>\n\t\t\t\t\t\t<div class=\"elementor-shape elementor-shape-bottom\" data-negative=\"false\">\n\t\t\t<svg xmlns=\"http:\/\/www.w3.org\/2000\/svg\" viewbox=\"0 0 1000 100\" preserveaspectratio=\"none\">\n\t<path class=\"elementor-shape-fill\" d=\"M0,6V0h1000v100L0,6z\"\/>\n<\/svg>\t\t<\/div>\n\t\t\t\t\t<div class=\"elementor-container elementor-column-gap-default\">\n\t\t\t\t\t\t\t<div class=\"elementor-row\">\n\t\t\t\t\t<div class=\"elementor-column elementor-col-100 elementor-top-column elementor-element elementor-element-02dbad4\" data-id=\"02dbad4\" data-element_type=\"column\">\n\t\t\t<div class=\"elementor-column-wrap elementor-element-populated\">\n\t\t\t\t\t\t\t<div class=\"elementor-widget-wrap\">\n\t\t\t\t\t\t<div class=\"elementor-element elementor-element-99a6c4f elementor-widget elementor-widget-heading\" data-id=\"99a6c4f\" data-element_type=\"widget\" data-widget_type=\"heading.default\">\n\t\t\t\t<div class=\"elementor-widget-container\">\n\t\t\t<h1 class=\"elementor-heading-title elementor-size-default\">Legal information<\/h1>\t\t<\/div>\n\t\t\t\t<\/div>\n\t\t\t\t\t\t<\/div>\n\t\t\t\t\t<\/div>\n\t\t<\/div>\n\t\t\t\t\t\t\t\t<\/div>\n\t\t\t\t\t<\/div>\n\t\t<\/section>\n\t\t\t\t<section class=\"elementor-section elementor-top-section elementor-element elementor-element-efec704 elementor-section-boxed elementor-section-height-default elementor-section-height-default\" data-id=\"efec704\" data-element_type=\"section\" data-settings=\"{&quot;background_background&quot;:&quot;classic&quot;,&quot;shape_divider_top&quot;:&quot;tilt&quot;,&quot;shape_divider_bottom&quot;:&quot;tilt&quot;}\">\n\t\t\t\t\t<div class=\"elementor-shape elementor-shape-top\" data-negative=\"false\">\n\t\t\t<svg xmlns=\"http:\/\/www.w3.org\/2000\/svg\" viewbox=\"0 0 1000 100\" preserveaspectratio=\"none\">\n\t<path class=\"elementor-shape-fill\" d=\"M0,6V0h1000v100L0,6z\"\/>\n<\/svg>\t\t<\/div>\n\t\t\t\t<div class=\"elementor-shape elementor-shape-bottom\" data-negative=\"false\">\n\t\t\t<svg xmlns=\"http:\/\/www.w3.org\/2000\/svg\" viewbox=\"0 0 1000 100\" preserveaspectratio=\"none\">\n\t<path class=\"elementor-shape-fill\" d=\"M0,6V0h1000v100L0,6z\"\/>\n<\/svg>\t\t<\/div>\n\t\t\t\t\t<div class=\"elementor-container elementor-column-gap-default\">\n\t\t\t\t\t\t\t<div class=\"elementor-row\">\n\t\t\t\t\t<div class=\"elementor-column elementor-col-100 elementor-top-column elementor-element elementor-element-129c2b7\" data-id=\"129c2b7\" data-element_type=\"column\">\n\t\t\t<div class=\"elementor-column-wrap elementor-element-populated\">\n\t\t\t\t\t\t\t<div class=\"elementor-widget-wrap\">\n\t\t\t\t\t\t<div class=\"elementor-element elementor-element-b88d166 elementor-widget elementor-widget-spacer\" data-id=\"b88d166\" data-element_type=\"widget\" data-widget_type=\"spacer.default\">\n\t\t\t\t<div class=\"elementor-widget-container\">\n\t\t\t\t\t<div class=\"elementor-spacer\">\n\t\t\t<div class=\"elementor-spacer-inner\"><\/div>\n\t\t<\/div>\n\t\t\t\t<\/div>\n\t\t\t\t<\/div>\n\t\t\t\t<div class=\"elementor-element elementor-element-76c0f23 elementor-invisible elementor-widget elementor-widget-heading\" data-id=\"76c0f23\" data-element_type=\"widget\" data-settings=\"{&quot;_animation&quot;:&quot;fadeInUp&quot;}\" data-widget_type=\"heading.default\">\n\t\t\t\t<div class=\"elementor-widget-container\">\n\t\t\t<h6 class=\"elementor-heading-title elementor-size-default\">Legal information<\/h6>\t\t<\/div>\n\t\t\t\t<\/div>\n\t\t\t\t<div class=\"elementor-element elementor-element-5e2b534 elementor-widget-divider--view-line elementor-invisible elementor-widget elementor-widget-divider\" data-id=\"5e2b534\" data-element_type=\"widget\" data-settings=\"{&quot;_animation&quot;:&quot;fadeInUp&quot;}\" data-widget_type=\"divider.default\">\n\t\t\t\t<div class=\"elementor-widget-container\">\n\t\t\t\t\t<div class=\"elementor-divider\">\n\t\t\t<span class=\"elementor-divider-separator\">\n\t\t\t\t\t\t<\/span>\n\t\t<\/div>\n\t\t\t\t<\/div>\n\t\t\t\t<\/div>\n\t\t\t\t<div class=\"elementor-element elementor-element-0ad5970 elementor-invisible elementor-widget elementor-widget-heading\" data-id=\"0ad5970\" data-element_type=\"widget\" data-settings=\"{&quot;_animation&quot;:&quot;fadeInUp&quot;}\" data-widget_type=\"heading.default\">\n\t\t\t\t<div class=\"elementor-widget-container\">\n\t\t\t<h6 class=\"elementor-heading-title elementor-size-default\">This site is the property of PH\u00c9B\u00c9 - Ethical Financial Consultancy SAS.<br>It is forbidden for any Internet user to copy or reproduce all or part of the content of the site, except with the specific and express authorization of PH\u00c9B\u00c9 - Ethical Financial Consultancy SAS.<br><br>Nom commercial : PH\u00c9B\u00c9 - Ethical Financial Consultancy<br>Si\u00e8ge social : 2 rue de la Grande Meuse 84000 Avignon - France<br>SIREN : 952562700<br>RCS : Avignon (Vaucluse) - France<br>TVA intracomm : FR 18 952562700<br>Activity Code: 7022Z - Business and other management consulting<br>Responsible for publication : Mr Marc FRANCON<br><br>Information on this site may contain technical inaccuracies or typographical errors. This information can be periodically modified. PH\u00c9B\u00c9 - Ethical Financial Consultancy SAS may make improvements or changes to this site without notice.<br><br>For any remark on the content and the functioning of the site, please contact: contact@phebe-consulting.com<br><br><b>Website<\/b> (outsourcing, maintenance, referencing)<br><br>New Deal &amp; Development | Business Development &amp; Innovation<br>Website : www.newdeal-dev.com<br><br><b>Host<\/b><br><br>The site www.phebe-consulting.com is hosted by : 1&amp;1IONOS SARL, 7 Place de la Gare, 57200 Sarreguemines The host can be contacted at the following telephone number: 0970 808 911 The data collected and processed by the site are exclusively hosted and processed in France.<br><br><b>Cr\u00e9dits photos<\/b><br><br>PH\u00c9B\u00c9 - Ethical Financial Consultancy SAS<br><br><b>Copyrights<\/b><br><br>The information, pictograms, photographs, images, texts, video sequences, animations, logos and other documents on the website are protected by intellectual property law.<br><br>In these terms, article L 122-4 of the Intellectual Property Code states: \"Any representation or reproduction in whole or in part without the consent of the author or his successors in title or assigns is unlawful. The same applies to translation, adaptation or transformation, arrangement or reproduction by any art or process.\"<br><br>Thus, any illicit copy of the site can be the object of pursuits on the ground of the counterfeit sanctioned by the articles L 335-2 and following of the Code of the intellectual property. Data processing and freedom - Protection of personal data.<br><br>The information collected through this site is exclusively intended for PH\u00c9B\u00c9 - Ethical Financial Consultancy SAS.<br><br>In accordance with the provisions contained in the law n\u00b0 78-17 of January 6, 1978 modified relating to data processing, the files and freedoms, you have a right of access, of correction, modification and suppression concerning the data which concern you.<br><br><b>Hyperlinks to other websites<\/b><br><br>The hypertext links set up within the framework of the present Internet site in the direction of other resources present on the Internet network are proposed only to bring you the most complete information and neither their contents or the links which they contain, nor the changes or updates which are brought to them would not know how to engage the responsibility for PH\u00c9B\u00c9 - Ethical Financial Consultancy SAS.<br><br>PH\u00c9B\u00c9 - Ethical Financial Consultancy SAS authorizes any Internet site or any support to set up a hypertext link towards its contents with the exception of those diffusing contents contrary to the good morals.<\/h6>\t\t<\/div>\n\t\t\t\t<\/div>\n\t\t\t\t\t\t<\/div>\n\t\t\t\t\t<\/div>\n\t\t<\/div>\n\t\t\t\t\t\t\t\t<\/div>\n\t\t\t\t\t<\/div>\n\t\t<\/section>\n\t\t\t\t<section class=\"elementor-section elementor-top-section elementor-element elementor-element-7157137 elementor-reverse-mobile elementor-section-boxed elementor-section-height-default elementor-section-height-default\" data-id=\"7157137\" data-element_type=\"section\" data-settings=\"{&quot;background_background&quot;:&quot;classic&quot;,&quot;shape_divider_top&quot;:&quot;tilt&quot;}\">\n\t\t\t\t\t<div class=\"elementor-shape elementor-shape-top\" data-negative=\"false\">\n\t\t\t<svg xmlns=\"http:\/\/www.w3.org\/2000\/svg\" viewbox=\"0 0 1000 100\" preserveaspectratio=\"none\">\n\t<path class=\"elementor-shape-fill\" d=\"M0,6V0h1000v100L0,6z\"\/>\n<\/svg>\t\t<\/div>\n\t\t\t\t\t<div class=\"elementor-container elementor-column-gap-wider\">\n\t\t\t\t\t\t\t<div class=\"elementor-row\">\n\t\t\t\t\t<div class=\"elementor-column elementor-col-100 elementor-top-column elementor-element elementor-element-970ec7f\" data-id=\"970ec7f\" data-element_type=\"column\">\n\t\t\t<div class=\"elementor-column-wrap\">\n\t\t\t\t\t\t\t<div class=\"elementor-widget-wrap\">\n\t\t\t\t\t\t\t\t<\/div>\n\t\t\t\t\t<\/div>\n\t\t<\/div>\n\t\t\t\t\t\t\t\t<\/div>\n\t\t\t\t\t<\/div>\n\t\t<\/section>\n\t\t\t\t\t\t\t\t\t<\/div>\n\t\t\t<\/div>\n\t\t\t\t\t<\/div>","protected":false},"excerpt":{"rendered":"<p>Mentions l\u00e9gales Mentions l\u00e9gales Ce site est la propri\u00e9t\u00e9 de PH\u00c9B\u00c9 &#8211; Ethical Financial Consultancy SAS.Il est interdit \u00e0 tout internaute de copier ou reproduire tout ou partie du contenu du site, sauf autorisation sp\u00e9cifique et expresse de PH\u00c9B\u00c9 &#8211; &hellip; <a href=\"https:\/\/phebe-consulting.com\/en\/mentions-legales\/\">Read More<\/a><\/p>","protected":false},"author":1,"featured_media":0,"parent":0,"menu_order":0,"comment_status":"closed","ping_status":"closed","template":"","meta":{"footnotes":""},"class_list":["post-2214","page","type-page","status-publish","hentry"],"yoast_head":"<!-- This site is optimized with the Yoast SEO plugin v27.4 - https:\/\/yoast.com\/product\/yoast-seo-wordpress\/ -->\n<title>Mentions l\u00e9gales - PH\u00c9B\u00c9<\/title>\n<meta name=\"robots\" content=\"index, follow, max-snippet:-1, max-image-preview:large, max-video-preview:-1\" \/>\n<link rel=\"canonical\" href=\"https:\/\/phebe-consulting.com\/en\/mentions-legales\/\" \/>\n<meta property=\"og:locale\" content=\"en_GB\" \/>\n<meta property=\"og:type\" content=\"article\" \/>\n<meta property=\"og:title\" content=\"Mentions l\u00e9gales - PH\u00c9B\u00c9\" \/>\n<meta property=\"og:description\" content=\"Mentions l\u00e9gales Mentions l\u00e9gales Ce site est la propri\u00e9t\u00e9 de PH\u00c9B\u00c9 &#8211; Ethical Financial Consultancy SAS.Il est interdit \u00e0 tout internaute de copier ou reproduire tout ou partie du contenu du site, sauf autorisation sp\u00e9cifique et expresse de PH\u00c9B\u00c9 &#8211; &hellip; Read More\" \/>\n<meta property=\"og:url\" content=\"https:\/\/phebe-consulting.com\/en\/mentions-legales\/\" \/>\n<meta property=\"og:site_name\" content=\"PH\u00c9B\u00c9\" \/>\n<meta property=\"article:modified_time\" content=\"2023-11-06T10:20:56+00:00\" \/>\n<meta name=\"twitter:card\" content=\"summary_large_image\" \/>\n<meta name=\"twitter:label1\" content=\"Estimated reading time\" \/>\n\t<meta name=\"twitter:data1\" content=\"3 minutes\" \/>\n<script type=\"application\/ld+json\" class=\"yoast-schema-graph\">{\"@context\":\"https:\\\/\\\/schema.org\",\"@graph\":[{\"@type\":\"WebPage\",\"@id\":\"https:\\\/\\\/phebe-consulting.com\\\/mentions-legales\\\/\",\"url\":\"https:\\\/\\\/phebe-consulting.com\\\/mentions-legales\\\/\",\"name\":\"Mentions l\u00e9gales - PH\u00c9B\u00c9\",\"isPartOf\":{\"@id\":\"https:\\\/\\\/phebe-consulting.com\\\/#website\"},\"datePublished\":\"2021-12-15T12:46:41+00:00\",\"dateModified\":\"2023-11-06T10:20:56+00:00\",\"breadcrumb\":{\"@id\":\"https:\\\/\\\/phebe-consulting.com\\\/mentions-legales\\\/#breadcrumb\"},\"inLanguage\":\"en-GB\",\"potentialAction\":[{\"@type\":\"ReadAction\",\"target\":[\"https:\\\/\\\/phebe-consulting.com\\\/mentions-legales\\\/\"]}]},{\"@type\":\"BreadcrumbList\",\"@id\":\"https:\\\/\\\/phebe-consulting.com\\\/mentions-legales\\\/#breadcrumb\",\"itemListElement\":[{\"@type\":\"ListItem\",\"position\":1,\"name\":\"Accueil\",\"item\":\"https:\\\/\\\/phebe-consulting.com\\\/\"},{\"@type\":\"ListItem\",\"position\":2,\"name\":\"Mentions l\u00e9gales\"}]},{\"@type\":\"WebSite\",\"@id\":\"https:\\\/\\\/phebe-consulting.com\\\/#website\",\"url\":\"https:\\\/\\\/phebe-consulting.com\\\/\",\"name\":\"PH\u00c9B\u00c9\",\"description\":\"Une banque d affaires disruptive au service de l \u00e9conomie r\u00e9elle\",\"publisher\":{\"@id\":\"https:\\\/\\\/phebe-consulting.com\\\/#organization\"},\"potentialAction\":[{\"@type\":\"SearchAction\",\"target\":{\"@type\":\"EntryPoint\",\"urlTemplate\":\"https:\\\/\\\/phebe-consulting.com\\\/?s={search_term_string}\"},\"query-input\":{\"@type\":\"PropertyValueSpecification\",\"valueRequired\":true,\"valueName\":\"search_term_string\"}}],\"inLanguage\":\"en-GB\"},{\"@type\":\"Organization\",\"@id\":\"https:\\\/\\\/phebe-consulting.com\\\/#organization\",\"name\":\"PH\u00c9B\u00c9 | Ethical Financial Consultancy\",\"url\":\"https:\\\/\\\/phebe-consulting.com\\\/\",\"logo\":{\"@type\":\"ImageObject\",\"inLanguage\":\"en-GB\",\"@id\":\"https:\\\/\\\/phebe-consulting.com\\\/#\\\/schema\\\/logo\\\/image\\\/\",\"url\":\"https:\\\/\\\/phebe-consulting.com\\\/wp-content\\\/uploads\\\/2021\\\/10\\\/cropped-PHE\u0301BE\u0301-Ethical-Financial-Consultancy-Logo-1.3.png\",\"contentUrl\":\"https:\\\/\\\/phebe-consulting.com\\\/wp-content\\\/uploads\\\/2021\\\/10\\\/cropped-PHE\u0301BE\u0301-Ethical-Financial-Consultancy-Logo-1.3.png\",\"width\":946,\"height\":355,\"caption\":\"PH\u00c9B\u00c9 | Ethical Financial Consultancy\"},\"image\":{\"@id\":\"https:\\\/\\\/phebe-consulting.com\\\/#\\\/schema\\\/logo\\\/image\\\/\"},\"sameAs\":[\"https:\\\/\\\/www.linkedin.com\\\/in\\\/marc-francon\\\/\"]}]}<\/script>\n<!-- \/ Yoast SEO plugin. -->","yoast_head_json":{"title":"Mentions l\u00e9gales - PH\u00c9B\u00c9","robots":{"index":"index","follow":"follow","max-snippet":"max-snippet:-1","max-image-preview":"max-image-preview:large","max-video-preview":"max-video-preview:-1"},"canonical":"https:\/\/phebe-consulting.com\/en\/mentions-legales\/","og_locale":"en_GB","og_type":"article","og_title":"Mentions l\u00e9gales - PH\u00c9B\u00c9","og_description":"Mentions l\u00e9gales Mentions l\u00e9gales Ce site est la propri\u00e9t\u00e9 de PH\u00c9B\u00c9 &#8211; Ethical Financial Consultancy SAS.Il est interdit \u00e0 tout internaute de copier ou reproduire tout ou partie du contenu du site, sauf autorisation sp\u00e9cifique et expresse de PH\u00c9B\u00c9 &#8211; &hellip; Read More","og_url":"https:\/\/phebe-consulting.com\/en\/mentions-legales\/","og_site_name":"PH\u00c9B\u00c9","article_modified_time":"2023-11-06T10:20:56+00:00","twitter_card":"summary_large_image","twitter_misc":{"Estimated reading time":"3 minutes"},"schema":{"@context":"https:\/\/schema.org","@graph":[{"@type":"WebPage","@id":"https:\/\/phebe-consulting.com\/mentions-legales\/","url":"https:\/\/phebe-consulting.com\/mentions-legales\/","name":"Mentions l\u00e9gales - PH\u00c9B\u00c9","isPartOf":{"@id":"https:\/\/phebe-consulting.com\/#website"},"datePublished":"2021-12-15T12:46:41+00:00","dateModified":"2023-11-06T10:20:56+00:00","breadcrumb":{"@id":"https:\/\/phebe-consulting.com\/mentions-legales\/#breadcrumb"},"inLanguage":"en-GB","potentialAction":[{"@type":"ReadAction","target":["https:\/\/phebe-consulting.com\/mentions-legales\/"]}]},{"@type":"BreadcrumbList","@id":"https:\/\/phebe-consulting.com\/mentions-legales\/#breadcrumb","itemListElement":[{"@type":"ListItem","position":1,"name":"Accueil","item":"https:\/\/phebe-consulting.com\/"},{"@type":"ListItem","position":2,"name":"Mentions l\u00e9gales"}]},{"@type":"WebSite","@id":"https:\/\/phebe-consulting.com\/#website","url":"https:\/\/phebe-consulting.com\/","name":"PH\u00c9B\u00c9","description":"Une banque d affaires disruptive au service de l \u00e9conomie r\u00e9elle","publisher":{"@id":"https:\/\/phebe-consulting.com\/#organization"},"potentialAction":[{"@type":"SearchAction","target":{"@type":"EntryPoint","urlTemplate":"https:\/\/phebe-consulting.com\/?s={search_term_string}"},"query-input":{"@type":"PropertyValueSpecification","valueRequired":true,"valueName":"search_term_string"}}],"inLanguage":"en-GB"},{"@type":"Organization","@id":"https:\/\/phebe-consulting.com\/#organization","name":"PH\u00c9B\u00c9 | Ethical Financial Consultancy","url":"https:\/\/phebe-consulting.com\/","logo":{"@type":"ImageObject","inLanguage":"en-GB","@id":"https:\/\/phebe-consulting.com\/#\/schema\/logo\/image\/","url":"https:\/\/phebe-consulting.com\/wp-content\/uploads\/2021\/10\/cropped-PHE\u0301BE\u0301-Ethical-Financial-Consultancy-Logo-1.3.png","contentUrl":"https:\/\/phebe-consulting.com\/wp-content\/uploads\/2021\/10\/cropped-PHE\u0301BE\u0301-Ethical-Financial-Consultancy-Logo-1.3.png","width":946,"height":355,"caption":"PH\u00c9B\u00c9 | Ethical Financial Consultancy"},"image":{"@id":"https:\/\/phebe-consulting.com\/#\/schema\/logo\/image\/"},"sameAs":["https:\/\/www.linkedin.com\/in\/marc-francon\/"]}]}},"_links":{"self":[{"href":"https:\/\/phebe-consulting.com\/en\/wp-json\/wp\/v2\/pages\/2214","targetHints":{"allow":["GET"]}}],"collection":[{"href":"https:\/\/phebe-consulting.com\/en\/wp-json\/wp\/v2\/pages"}],"about":[{"href":"https:\/\/phebe-consulting.com\/en\/wp-json\/wp\/v2\/types\/page"}],"author":[{"embeddable":true,"href":"https:\/\/phebe-consulting.com\/en\/wp-json\/wp\/v2\/users\/1"}],"replies":[{"embeddable":true,"href":"https:\/\/phebe-consulting.com\/en\/wp-json\/wp\/v2\/comments?post=2214"}],"version-history":[{"count":67,"href":"https:\/\/phebe-consulting.com\/en\/wp-json\/wp\/v2\/pages\/2214\/revisions"}],"predecessor-version":[{"id":4821,"href":"https:\/\/phebe-consulting.com\/en\/wp-json\/wp\/v2\/pages\/2214\/revisions\/4821"}],"wp:attachment":[{"href":"https:\/\/phebe-consulting.com\/en\/wp-json\/wp\/v2\/media?parent=2214"}],"curies":[{"name":"wp","href":"https:\/\/api.w.org\/{rel}","templated":true}]}}